{"id":46,"date":"2025-02-17T17:31:29","date_gmt":"2025-02-17T16:31:29","guid":{"rendered":"https:\/\/www.pharmalion.alsace\/?page_id=46"},"modified":"2025-02-26T21:28:56","modified_gmt":"2025-02-26T20:28:56","slug":"click-collect","status":"publish","type":"page","link":"https:\/\/www.pharmalion.alsace\/index.php\/click-collect\/","title":{"rendered":"Click &amp; Collect"},"content":{"rendered":"\n<p>Votre Pharmacie vous propose un service de click and collect pour faciliter vos d\u00e9p\u00f4ts d\u2019ordonnance et vos commandes sans ordonnances de produits de parapharmacie.<\/p>\n\n\n\n<figure class=\"wp-block-image aligncenter size-full\"><img loading=\"lazy\" decoding=\"async\" width=\"360\" height=\"630\" src=\"https:\/\/www.pharmalion.alsace\/wp-content\/uploads\/2025\/02\/Mesoigner-click-and-collect.png\" alt=\"\" class=\"wp-image-68\" srcset=\"https:\/\/www.pharmalion.alsace\/wp-content\/uploads\/2025\/02\/Mesoigner-click-and-collect.png 360w, https:\/\/www.pharmalion.alsace\/wp-content\/uploads\/2025\/02\/Mesoigner-click-and-collect-171x300.png 171w\" sizes=\"auto, (max-width: 360px) 100vw, 360px\" \/><\/figure>\n\n\n\n<p><\/p>\n\n\n\n<p>Pour le retrait des commandes li\u00e9es \u00e0 une ordonnance, nous avons besoin de votre carte vitale et votre original d\u2019ordonnance :<\/p>\n\n\n\n<p><a href=\"https:\/\/pharmacie-lion-wasselonne.mesoigner.fr\/ordonnance\">https:\/\/pharmacie-lion-wasselonne.mesoigner.fr\/ordonnance<\/a><\/p>\n\n\n\n<figure class=\"wp-block-image aligncenter size-full\"><img loading=\"lazy\" decoding=\"async\" width=\"676\" height=\"248\" src=\"https:\/\/www.pharmalion.alsace\/wp-content\/uploads\/2025\/02\/Clic-and-collect-ordo.png\" alt=\"\" class=\"wp-image-69\" srcset=\"https:\/\/www.pharmalion.alsace\/wp-content\/uploads\/2025\/02\/Clic-and-collect-ordo.png 676w, https:\/\/www.pharmalion.alsace\/wp-content\/uploads\/2025\/02\/Clic-and-collect-ordo-300x110.png 300w\" sizes=\"auto, (max-width: 676px) 100vw, 676px\" \/><\/figure>\n\n\n\n<p>Profitez de la simplicit\u00e9 pour r\u00e9server des produits de parapharmacie, des laits maternis\u00e9s, des compl\u00e9ments alimentaires, \u2026 en toute simplicit\u00e9 :<\/p>\n\n\n\n<p><a href=\"https:\/\/pharmacie-lion-wasselonne.mesoigner.fr\/medicaments-parapharmacie\">https:\/\/pharmacie-lion-wasselonne.mesoigner.fr\/medicaments-parapharmacie<\/a><\/p>\n\n\n\n<figure class=\"wp-block-image aligncenter size-full\"><img loading=\"lazy\" decoding=\"async\" width=\"375\" height=\"270\" src=\"https:\/\/www.pharmalion.alsace\/wp-content\/uploads\/2025\/02\/Clic-and-collect-sans-ordo.webp\" alt=\"\" class=\"wp-image-70\" srcset=\"https:\/\/www.pharmalion.alsace\/wp-content\/uploads\/2025\/02\/Clic-and-collect-sans-ordo.webp 375w, https:\/\/www.pharmalion.alsace\/wp-content\/uploads\/2025\/02\/Clic-and-collect-sans-ordo-300x216.webp 300w\" sizes=\"auto, (max-width: 375px) 100vw, 375px\" \/><\/figure>\n\n\n\n<p>Pour plus de facilit\u00e9, vous pouvez t\u00e9l\u00e9charger l&rsquo;application sur Apple store :<\/p>\n\n\n\n<figure class=\"wp-block-image aligncenter size-full\"><a href=\"https:\/\/apps.apple.com\/fr\/app\/mesoigner\/id1351900358\"><img loading=\"lazy\" decoding=\"async\" width=\"277\" height=\"70\" src=\"http:\/\/www.pharmalion.alsace\/wp-content\/uploads\/2025\/02\/Icone-Me-Soigner.jpg\" alt=\"\" class=\"wp-image-62\"\/><\/a><\/figure>\n\n\n\n<p>Ou sur Google Store :<\/p>\n\n\n\n<figure class=\"wp-block-image aligncenter size-full\"><a href=\"https:\/\/play.google.com\/store\/search?q=me%20soigner&amp;c=apps&amp;gl=FR&amp;utm_source=emea_Med\"><img loading=\"lazy\" decoding=\"async\" width=\"277\" height=\"70\" src=\"http:\/\/www.pharmalion.alsace\/wp-content\/uploads\/2025\/02\/Icone-Me-Soigner.jpg\" alt=\"\" class=\"wp-image-62\"\/><\/a><\/figure>\n\n\n\n<p><\/p>\n","protected":false},"excerpt":{"rendered":"<p>Votre Pharmacie vous propose un service de click and collect pour faciliter vos d\u00e9p\u00f4ts d\u2019ordonnance et vos commandes sans ordonnances de produits de parapharmacie. Pour le retrait des commandes li\u00e9es \u00e0 une ordonnance, nous avons besoin de votre carte vitale et votre original d\u2019ordonnance : https:\/\/pharmacie-lion-wasselonne.mesoigner.fr\/ordonnance Profitez de la simplicit\u00e9 pour r\u00e9server des produits de [&hellip;]<\/p>\n","protected":false},"author":1,"featured_media":0,"parent":0,"menu_order":0,"comment_status":"closed","ping_status":"closed","template":"","meta":{"footnotes":""},"class_list":["post-46","page","type-page","status-publish","hentry"],"_links":{"self":[{"href":"https:\/\/www.pharmalion.alsace\/index.php\/wp-json\/wp\/v2\/pages\/46","targetHints":{"allow":["GET"]}}],"collection":[{"href":"https:\/\/www.pharmalion.alsace\/index.php\/wp-json\/wp\/v2\/pages"}],"about":[{"href":"https:\/\/www.pharmalion.alsace\/index.php\/wp-json\/wp\/v2\/types\/page"}],"author":[{"embeddable":true,"href":"https:\/\/www.pharmalion.alsace\/index.php\/wp-json\/wp\/v2\/users\/1"}],"replies":[{"embeddable":true,"href":"https:\/\/www.pharmalion.alsace\/index.php\/wp-json\/wp\/v2\/comments?post=46"}],"version-history":[{"count":5,"href":"https:\/\/www.pharmalion.alsace\/index.php\/wp-json\/wp\/v2\/pages\/46\/revisions"}],"predecessor-version":[{"id":71,"href":"https:\/\/www.pharmalion.alsace\/index.php\/wp-json\/wp\/v2\/pages\/46\/revisions\/71"}],"wp:attachment":[{"href":"https:\/\/www.pharmalion.alsace\/index.php\/wp-json\/wp\/v2\/media?parent=46"}],"curies":[{"name":"wp","href":"https:\/\/api.w.org\/{rel}","templated":true}]}}